{"id":1533,"date":"2025-01-21T06:28:17","date_gmt":"2025-01-21T05:28:17","guid":{"rendered":"https:\/\/staging.h2energy.ch\/ravitaillement-en-carburant\/"},"modified":"2025-04-02T16:26:13","modified_gmt":"2025-04-02T14:26:13","slug":"ravitaillement-en-carburant","status":"publish","type":"page","link":"https:\/\/staging.h2energy.ch\/fr\/ravitaillement-en-carburant\/","title":{"rendered":"Ravitaillement en carburant"},"content":{"rendered":"","protected":false},"excerpt":{"rendered":"<p>H2 Energy participe \u00e0 la planification et \u00e0 la construction des stations publiques de ravitaillement en hydrog\u00e8ne (HRS) en Suisse et en Allemagne.  <\/p>\n","protected":false},"author":2,"featured_media":1359,"parent":0,"menu_order":0,"comment_status":"closed","ping_status":"closed","template":"","meta":{"_acf_changed":false,"footnotes":""},"class_list":["post-1533","page","type-page","status-publish","has-post-thumbnail","hentry"],"acf":[],"_links":{"self":[{"href":"https:\/\/staging.h2energy.ch\/fr\/wp-json\/wp\/v2\/pages\/1533","targetHints":{"allow":["GET"]}}],"collection":[{"href":"https:\/\/staging.h2energy.ch\/fr\/wp-json\/wp\/v2\/pages"}],"about":[{"href":"https:\/\/staging.h2energy.ch\/fr\/wp-json\/wp\/v2\/types\/page"}],"author":[{"embeddable":true,"href":"https:\/\/staging.h2energy.ch\/fr\/wp-json\/wp\/v2\/users\/2"}],"replies":[{"embeddable":true,"href":"https:\/\/staging.h2energy.ch\/fr\/wp-json\/wp\/v2\/comments?post=1533"}],"version-history":[{"count":1,"href":"https:\/\/staging.h2energy.ch\/fr\/wp-json\/wp\/v2\/pages\/1533\/revisions"}],"predecessor-version":[{"id":1694,"href":"https:\/\/staging.h2energy.ch\/fr\/wp-json\/wp\/v2\/pages\/1533\/revisions\/1694"}],"wp:featuredmedia":[{"embeddable":true,"href":"https:\/\/staging.h2energy.ch\/fr\/wp-json\/wp\/v2\/media\/1359"}],"wp:attachment":[{"href":"https:\/\/staging.h2energy.ch\/fr\/wp-json\/wp\/v2\/media?parent=1533"}],"curies":[{"name":"wp","href":"https:\/\/api.w.org\/{rel}","templated":true}]}}