{"id":1531,"date":"2025-01-20T15:03:51","date_gmt":"2025-01-20T14:03:51","guid":{"rendered":"https:\/\/staging.h2energy.ch\/pourquoi-lhydrogene\/"},"modified":"2025-06-17T10:24:14","modified_gmt":"2025-06-17T08:24:14","slug":"pourquoi-lhydrogene","status":"publish","type":"page","link":"https:\/\/staging.h2energy.ch\/fr\/pourquoi-lhydrogene\/","title":{"rendered":"Pourquoi l&#8217;hydrog\u00e8ne ?"},"content":{"rendered":"","protected":false},"excerpt":{"rendered":"<p>La production d&#8217;hydrog\u00e8ne vert permet l&#8217;expansion massive des \u00e9nergies renouvelables n\u00e9cessaire \u00e0 la transition \u00e9nerg\u00e9tique.<\/p>\n","protected":false},"author":2,"featured_media":1321,"parent":0,"menu_order":0,"comment_status":"closed","ping_status":"closed","template":"","meta":{"_acf_changed":false,"footnotes":""},"class_list":["post-1531","page","type-page","status-publish","has-post-thumbnail","hentry"],"acf":[],"_links":{"self":[{"href":"https:\/\/staging.h2energy.ch\/fr\/wp-json\/wp\/v2\/pages\/1531","targetHints":{"allow":["GET"]}}],"collection":[{"href":"https:\/\/staging.h2energy.ch\/fr\/wp-json\/wp\/v2\/pages"}],"about":[{"href":"https:\/\/staging.h2energy.ch\/fr\/wp-json\/wp\/v2\/types\/page"}],"author":[{"embeddable":true,"href":"https:\/\/staging.h2energy.ch\/fr\/wp-json\/wp\/v2\/users\/2"}],"replies":[{"embeddable":true,"href":"https:\/\/staging.h2energy.ch\/fr\/wp-json\/wp\/v2\/comments?post=1531"}],"version-history":[{"count":1,"href":"https:\/\/staging.h2energy.ch\/fr\/wp-json\/wp\/v2\/pages\/1531\/revisions"}],"predecessor-version":[{"id":1688,"href":"https:\/\/staging.h2energy.ch\/fr\/wp-json\/wp\/v2\/pages\/1531\/revisions\/1688"}],"wp:featuredmedia":[{"embeddable":true,"href":"https:\/\/staging.h2energy.ch\/fr\/wp-json\/wp\/v2\/media\/1321"}],"wp:attachment":[{"href":"https:\/\/staging.h2energy.ch\/fr\/wp-json\/wp\/v2\/media?parent=1531"}],"curies":[{"name":"wp","href":"https:\/\/api.w.org\/{rel}","templated":true}]}}