{"id":1526,"date":"2025-01-21T05:55:13","date_gmt":"2025-01-21T04:55:13","guid":{"rendered":"https:\/\/staging.h2energy.ch\/produits-dalimentation\/"},"modified":"2025-01-21T05:55:13","modified_gmt":"2025-01-21T04:55:13","slug":"produits-dalimentation","status":"publish","type":"page","link":"https:\/\/staging.h2energy.ch\/fr\/produits-dalimentation\/","title":{"rendered":"Produits d&#8217;alimentation"},"content":{"rendered":"","protected":false},"excerpt":{"rendered":"<p>Alimentation et recharge sans \u00e9mission avec kvyreen et hydrog\u00e8ne vert &#8211; \u00e0 tout moment et en tout lieu, ind\u00e9pendamment de la capacit\u00e9 ou de la disponibilit\u00e9 du r\u00e9seau.<\/p>\n","protected":false},"author":1,"featured_media":1255,"parent":0,"menu_order":0,"comment_status":"closed","ping_status":"closed","template":"","meta":{"_acf_changed":false,"footnotes":""},"class_list":["post-1526","page","type-page","status-publish","has-post-thumbnail","hentry"],"acf":[],"_links":{"self":[{"href":"https:\/\/staging.h2energy.ch\/fr\/wp-json\/wp\/v2\/pages\/1526","targetHints":{"allow":["GET"]}}],"collection":[{"href":"https:\/\/staging.h2energy.ch\/fr\/wp-json\/wp\/v2\/pages"}],"about":[{"href":"https:\/\/staging.h2energy.ch\/fr\/wp-json\/wp\/v2\/types\/page"}],"author":[{"embeddable":true,"href":"https:\/\/staging.h2energy.ch\/fr\/wp-json\/wp\/v2\/users\/1"}],"replies":[{"embeddable":true,"href":"https:\/\/staging.h2energy.ch\/fr\/wp-json\/wp\/v2\/comments?post=1526"}],"version-history":[{"count":0,"href":"https:\/\/staging.h2energy.ch\/fr\/wp-json\/wp\/v2\/pages\/1526\/revisions"}],"wp:featuredmedia":[{"embeddable":true,"href":"https:\/\/staging.h2energy.ch\/fr\/wp-json\/wp\/v2\/media\/1255"}],"wp:attachment":[{"href":"https:\/\/staging.h2energy.ch\/fr\/wp-json\/wp\/v2\/media?parent=1526"}],"curies":[{"name":"wp","href":"https:\/\/api.w.org\/{rel}","templated":true}]}}