{"id":1518,"date":"2025-01-15T16:14:00","date_gmt":"2025-01-15T15:14:00","guid":{"rendered":"https:\/\/staging.h2energy.ch\/services-dingenierie\/"},"modified":"2025-06-16T13:27:10","modified_gmt":"2025-06-16T11:27:10","slug":"services-dingenierie","status":"publish","type":"page","link":"https:\/\/staging.h2energy.ch\/fr\/services-dingenierie\/","title":{"rendered":"Services d&#8217;ing\u00e9nierie"},"content":{"rendered":"","protected":false},"excerpt":{"rendered":"<p>Une expertise compl\u00e8te de l&#8217;hydrog\u00e8ne : Avec plus de 100 ann\u00e9es-personnes d&#8217;exp\u00e9rience dans le secteur de l&#8217;hydrog\u00e8ne, l&#8217;\u00e9quipe d&#8217;ing\u00e9nieurs de H2 Energy dispose d&#8217;un savoir-faire et d&#8217;une expertise consid\u00e9rables pour soutenir votre projet.<\/p>\n","protected":false},"author":1,"featured_media":1377,"parent":0,"menu_order":0,"comment_status":"closed","ping_status":"closed","template":"","meta":{"_acf_changed":false,"footnotes":""},"class_list":["post-1518","page","type-page","status-publish","has-post-thumbnail","hentry"],"acf":[],"_links":{"self":[{"href":"https:\/\/staging.h2energy.ch\/fr\/wp-json\/wp\/v2\/pages\/1518","targetHints":{"allow":["GET"]}}],"collection":[{"href":"https:\/\/staging.h2energy.ch\/fr\/wp-json\/wp\/v2\/pages"}],"about":[{"href":"https:\/\/staging.h2energy.ch\/fr\/wp-json\/wp\/v2\/types\/page"}],"author":[{"embeddable":true,"href":"https:\/\/staging.h2energy.ch\/fr\/wp-json\/wp\/v2\/users\/1"}],"replies":[{"embeddable":true,"href":"https:\/\/staging.h2energy.ch\/fr\/wp-json\/wp\/v2\/comments?post=1518"}],"version-history":[{"count":1,"href":"https:\/\/staging.h2energy.ch\/fr\/wp-json\/wp\/v2\/pages\/1518\/revisions"}],"predecessor-version":[{"id":2085,"href":"https:\/\/staging.h2energy.ch\/fr\/wp-json\/wp\/v2\/pages\/1518\/revisions\/2085"}],"wp:featuredmedia":[{"embeddable":true,"href":"https:\/\/staging.h2energy.ch\/fr\/wp-json\/wp\/v2\/media\/1377"}],"wp:attachment":[{"href":"https:\/\/staging.h2energy.ch\/fr\/wp-json\/wp\/v2\/media?parent=1518"}],"curies":[{"name":"wp","href":"https:\/\/api.w.org\/{rel}","templated":true}]}}