{"id":1515,"date":"2025-01-20T14:36:42","date_gmt":"2025-01-20T13:36:42","guid":{"rendered":"https:\/\/staging.h2energy.ch\/investissements-h2\/"},"modified":"2025-01-20T14:36:42","modified_gmt":"2025-01-20T13:36:42","slug":"investissements-h2","status":"publish","type":"page","link":"https:\/\/staging.h2energy.ch\/fr\/investissements-h2\/","title":{"rendered":"Investissements H2"},"content":{"rendered":"","protected":false},"excerpt":{"rendered":"<p>Ensemble, nous r\u00e9alisons des solutions de haute qualit\u00e9 pour permettre des \u00e9cosyst\u00e8mes d&#8217;hydrog\u00e8ne vert \u00e9conomiquement viables.<\/p>\n","protected":false},"author":2,"featured_media":1315,"parent":0,"menu_order":0,"comment_status":"closed","ping_status":"closed","template":"","meta":{"_acf_changed":false,"footnotes":""},"class_list":["post-1515","page","type-page","status-publish","has-post-thumbnail","hentry"],"acf":[],"_links":{"self":[{"href":"https:\/\/staging.h2energy.ch\/fr\/wp-json\/wp\/v2\/pages\/1515","targetHints":{"allow":["GET"]}}],"collection":[{"href":"https:\/\/staging.h2energy.ch\/fr\/wp-json\/wp\/v2\/pages"}],"about":[{"href":"https:\/\/staging.h2energy.ch\/fr\/wp-json\/wp\/v2\/types\/page"}],"author":[{"embeddable":true,"href":"https:\/\/staging.h2energy.ch\/fr\/wp-json\/wp\/v2\/users\/2"}],"replies":[{"embeddable":true,"href":"https:\/\/staging.h2energy.ch\/fr\/wp-json\/wp\/v2\/comments?post=1515"}],"version-history":[{"count":0,"href":"https:\/\/staging.h2energy.ch\/fr\/wp-json\/wp\/v2\/pages\/1515\/revisions"}],"wp:featuredmedia":[{"embeddable":true,"href":"https:\/\/staging.h2energy.ch\/fr\/wp-json\/wp\/v2\/media\/1315"}],"wp:attachment":[{"href":"https:\/\/staging.h2energy.ch\/fr\/wp-json\/wp\/v2\/media?parent=1515"}],"curies":[{"name":"wp","href":"https:\/\/api.w.org\/{rel}","templated":true}]}}