{"id":1529,"date":"2025-01-20T15:03:51","date_gmt":"2025-01-20T14:03:51","guid":{"rendered":"https:\/\/staging.h2energy.ch\/warum-wasserstoff\/"},"modified":"2025-06-17T08:38:03","modified_gmt":"2025-06-17T06:38:03","slug":"warum-wasserstoff","status":"publish","type":"page","link":"https:\/\/staging.h2energy.ch\/de\/warum-wasserstoff\/","title":{"rendered":"Warum Wasserstoff"},"content":{"rendered":"","protected":false},"excerpt":{"rendered":"<p>Die Erzeugung von gr\u00fcnem Wasserstoff erm\u00f6glicht den f\u00fcr die Energiewende erforderlichen massiven Ausbau der erneuerbaren Energien.<\/p>\n","protected":false},"author":2,"featured_media":1322,"parent":0,"menu_order":0,"comment_status":"closed","ping_status":"closed","template":"","meta":{"_acf_changed":false,"footnotes":""},"class_list":["post-1529","page","type-page","status-publish","has-post-thumbnail","hentry"],"acf":[],"_links":{"self":[{"href":"https:\/\/staging.h2energy.ch\/de\/wp-json\/wp\/v2\/pages\/1529","targetHints":{"allow":["GET"]}}],"collection":[{"href":"https:\/\/staging.h2energy.ch\/de\/wp-json\/wp\/v2\/pages"}],"about":[{"href":"https:\/\/staging.h2energy.ch\/de\/wp-json\/wp\/v2\/types\/page"}],"author":[{"embeddable":true,"href":"https:\/\/staging.h2energy.ch\/de\/wp-json\/wp\/v2\/users\/2"}],"replies":[{"embeddable":true,"href":"https:\/\/staging.h2energy.ch\/de\/wp-json\/wp\/v2\/comments?post=1529"}],"version-history":[{"count":1,"href":"https:\/\/staging.h2energy.ch\/de\/wp-json\/wp\/v2\/pages\/1529\/revisions"}],"predecessor-version":[{"id":1686,"href":"https:\/\/staging.h2energy.ch\/de\/wp-json\/wp\/v2\/pages\/1529\/revisions\/1686"}],"wp:featuredmedia":[{"embeddable":true,"href":"https:\/\/staging.h2energy.ch\/de\/wp-json\/wp\/v2\/media\/1322"}],"wp:attachment":[{"href":"https:\/\/staging.h2energy.ch\/de\/wp-json\/wp\/v2\/media?parent=1529"}],"curies":[{"name":"wp","href":"https:\/\/api.w.org\/{rel}","templated":true}]}}