{"id":1517,"date":"2025-01-15T16:14:00","date_gmt":"2025-01-15T15:14:00","guid":{"rendered":"https:\/\/staging.h2energy.ch\/technische-dienstleistungen\/"},"modified":"2025-06-20T08:46:15","modified_gmt":"2025-06-20T06:46:15","slug":"technische-dienstleistungen","status":"publish","type":"page","link":"https:\/\/staging.h2energy.ch\/de\/technische-dienstleistungen\/","title":{"rendered":"Engineering Services"},"content":{"rendered":"","protected":false},"excerpt":{"rendered":"<p>Umfassende Wasserstoff-Expertise: Mit \u00fcber 100 Mannjahren Erfahrung im Wasserstoffsektor verf\u00fcgt das H2 Energy Ingenieur Team \u00fcber eine F\u00fclle von Know-how und Expertise, um Ihr Projekt zu unterst\u00fctzen.<\/p>\n","protected":false},"author":1,"featured_media":1378,"parent":0,"menu_order":0,"comment_status":"closed","ping_status":"closed","template":"","meta":{"_acf_changed":false,"footnotes":""},"class_list":["post-1517","page","type-page","status-publish","has-post-thumbnail","hentry"],"acf":[],"_links":{"self":[{"href":"https:\/\/staging.h2energy.ch\/de\/wp-json\/wp\/v2\/pages\/1517","targetHints":{"allow":["GET"]}}],"collection":[{"href":"https:\/\/staging.h2energy.ch\/de\/wp-json\/wp\/v2\/pages"}],"about":[{"href":"https:\/\/staging.h2energy.ch\/de\/wp-json\/wp\/v2\/types\/page"}],"author":[{"embeddable":true,"href":"https:\/\/staging.h2energy.ch\/de\/wp-json\/wp\/v2\/users\/1"}],"replies":[{"embeddable":true,"href":"https:\/\/staging.h2energy.ch\/de\/wp-json\/wp\/v2\/comments?post=1517"}],"version-history":[{"count":2,"href":"https:\/\/staging.h2energy.ch\/de\/wp-json\/wp\/v2\/pages\/1517\/revisions"}],"predecessor-version":[{"id":3331,"href":"https:\/\/staging.h2energy.ch\/de\/wp-json\/wp\/v2\/pages\/1517\/revisions\/3331"}],"wp:featuredmedia":[{"embeddable":true,"href":"https:\/\/staging.h2energy.ch\/de\/wp-json\/wp\/v2\/media\/1378"}],"wp:attachment":[{"href":"https:\/\/staging.h2energy.ch\/de\/wp-json\/wp\/v2\/media?parent=1517"}],"curies":[{"name":"wp","href":"https:\/\/api.w.org\/{rel}","templated":true}]}}